{"id":41,"date":"2026-01-19T14:05:33","date_gmt":"2026-01-19T14:05:33","guid":{"rendered":"https:\/\/tachografdodostawczaka.pl\/?page_id=41"},"modified":"2026-03-06T06:24:55","modified_gmt":"2026-03-06T06:24:55","slug":"tachograf-gdzie-kupic-jakie-funkcje","status":"publish","type":"page","link":"https:\/\/tachografdodostawczaka.pl\/?page_id=41","title":{"rendered":"Tachograf do dostawczaka; gdzie kupi\u0107"},"content":{"rendered":"\n\n\n\n\n\n\n\n\n\n\n\n\n\n","protected":false},"excerpt":{"rendered":"","protected":false},"author":2,"featured_media":0,"parent":0,"menu_order":0,"comment_status":"closed","ping_status":"closed","template":"page-tachograf-do-dostawczaka-gdzie-kupic-i-jakie-ma-funkcje-w-praktyce-template","meta":{"saved_in_kubio":true,"_eb_attr":"","footnotes":""},"class_list":["post-41","page","type-page","status-publish","hentry"],"kubio_ai_page_context":{"short_desc":"","purpose":"general"},"yoast_head":"<!-- This site is optimized with the Yoast SEO plugin v27.1.1 - https:\/\/yoast.com\/product\/yoast-seo-wordpress\/ -->\n<title>Tachograf do dostawczaka; gdzie kupi\u0107 i jakie ma funkcje<\/title>\n<meta name=\"description\" content=\"Tachograf do dostawczaka - praktyczny poradnik jakie urz\u0105dzenie kupi\u0107, jaka jest cena us\u0142ugi oraz w co wyposa\u017cy\u0107 jeszcze flot\u0119 transportow\u0105\" \/>\n<meta name=\"robots\" content=\"index, follow, max-snippet:-1, max-image-preview:large, max-video-preview:-1\" \/>\n<link rel=\"canonical\" href=\"https:\/\/tachografdodostawczaka.pl\/?page_id=41\" \/>\n<meta property=\"og:locale\" content=\"pl_PL\" \/>\n<meta property=\"og:type\" content=\"article\" \/>\n<meta property=\"og:title\" content=\"Tachograf do dostawczaka; gdzie kupi\u0107 i jakie ma funkcje\" \/>\n<meta property=\"og:description\" content=\"Tachograf do dostawczaka - praktyczny poradnik jakie urz\u0105dzenie kupi\u0107, jaka jest cena us\u0142ugi oraz w co wyposa\u017cy\u0107 jeszcze flot\u0119 transportow\u0105\" \/>\n<meta property=\"og:url\" content=\"https:\/\/tachografdodostawczaka.pl\/?page_id=41\" \/>\n<meta property=\"og:site_name\" content=\"US\u0141UGA TACHOGRAF DO DOSTAWCZAKA\" \/>\n<meta property=\"article:modified_time\" content=\"2026-03-06T06:24:55+00:00\" \/>\n<meta name=\"twitter:card\" content=\"summary_large_image\" \/>\n<script type=\"application\/ld+json\" class=\"yoast-schema-graph\">{\"@context\":\"https:\/\/schema.org\",\"@graph\":[{\"@type\":\"WebPage\",\"@id\":\"https:\/\/tachografdodostawczaka.pl\/?page_id=41\",\"url\":\"https:\/\/tachografdodostawczaka.pl\/?page_id=41\",\"name\":\"Tachograf do dostawczaka; gdzie kupi\u0107 i jakie ma funkcje\",\"isPartOf\":{\"@id\":\"https:\/\/tachografdodostawczaka.pl\/#website\"},\"datePublished\":\"2026-01-19T14:05:33+00:00\",\"dateModified\":\"2026-03-06T06:24:55+00:00\",\"description\":\"Tachograf do dostawczaka - praktyczny poradnik jakie urz\u0105dzenie kupi\u0107, jaka jest cena us\u0142ugi oraz w co wyposa\u017cy\u0107 jeszcze flot\u0119 transportow\u0105\",\"breadcrumb\":{\"@id\":\"https:\/\/tachografdodostawczaka.pl\/?page_id=41#breadcrumb\"},\"inLanguage\":\"pl-PL\",\"potentialAction\":[{\"@type\":\"ReadAction\",\"target\":[\"https:\/\/tachografdodostawczaka.pl\/?page_id=41\"]}]},{\"@type\":\"BreadcrumbList\",\"@id\":\"https:\/\/tachografdodostawczaka.pl\/?page_id=41#breadcrumb\",\"itemListElement\":[{\"@type\":\"ListItem\",\"position\":1,\"name\":\"Strona g\u0142\u00f3wna\",\"item\":\"https:\/\/tachografdodostawczaka.pl\/\"},{\"@type\":\"ListItem\",\"position\":2,\"name\":\"Tachograf do dostawczaka; gdzie kupi\u0107\"}]},{\"@type\":\"WebSite\",\"@id\":\"https:\/\/tachografdodostawczaka.pl\/#website\",\"url\":\"https:\/\/tachografdodostawczaka.pl\/\",\"name\":\"US\u0141UGA TACHOGRAF DO DOSTAWCZAKA\",\"description\":\"\",\"potentialAction\":[{\"@type\":\"SearchAction\",\"target\":{\"@type\":\"EntryPoint\",\"urlTemplate\":\"https:\/\/tachografdodostawczaka.pl\/?s={search_term_string}\"},\"query-input\":{\"@type\":\"PropertyValueSpecification\",\"valueRequired\":true,\"valueName\":\"search_term_string\"}}],\"inLanguage\":\"pl-PL\"}]}<\/script>\n<!-- \/ Yoast SEO plugin. -->","yoast_head_json":{"title":"Tachograf do dostawczaka; gdzie kupi\u0107 i jakie ma funkcje","description":"Tachograf do dostawczaka - praktyczny poradnik jakie urz\u0105dzenie kupi\u0107, jaka jest cena us\u0142ugi oraz w co wyposa\u017cy\u0107 jeszcze flot\u0119 transportow\u0105","robots":{"index":"index","follow":"follow","max-snippet":"max-snippet:-1","max-image-preview":"max-image-preview:large","max-video-preview":"max-video-preview:-1"},"canonical":"https:\/\/tachografdodostawczaka.pl\/?page_id=41","og_locale":"pl_PL","og_type":"article","og_title":"Tachograf do dostawczaka; gdzie kupi\u0107 i jakie ma funkcje","og_description":"Tachograf do dostawczaka - praktyczny poradnik jakie urz\u0105dzenie kupi\u0107, jaka jest cena us\u0142ugi oraz w co wyposa\u017cy\u0107 jeszcze flot\u0119 transportow\u0105","og_url":"https:\/\/tachografdodostawczaka.pl\/?page_id=41","og_site_name":"US\u0141UGA TACHOGRAF DO DOSTAWCZAKA","article_modified_time":"2026-03-06T06:24:55+00:00","twitter_card":"summary_large_image","schema":{"@context":"https:\/\/schema.org","@graph":[{"@type":"WebPage","@id":"https:\/\/tachografdodostawczaka.pl\/?page_id=41","url":"https:\/\/tachografdodostawczaka.pl\/?page_id=41","name":"Tachograf do dostawczaka; gdzie kupi\u0107 i jakie ma funkcje","isPartOf":{"@id":"https:\/\/tachografdodostawczaka.pl\/#website"},"datePublished":"2026-01-19T14:05:33+00:00","dateModified":"2026-03-06T06:24:55+00:00","description":"Tachograf do dostawczaka - praktyczny poradnik jakie urz\u0105dzenie kupi\u0107, jaka jest cena us\u0142ugi oraz w co wyposa\u017cy\u0107 jeszcze flot\u0119 transportow\u0105","breadcrumb":{"@id":"https:\/\/tachografdodostawczaka.pl\/?page_id=41#breadcrumb"},"inLanguage":"pl-PL","potentialAction":[{"@type":"ReadAction","target":["https:\/\/tachografdodostawczaka.pl\/?page_id=41"]}]},{"@type":"BreadcrumbList","@id":"https:\/\/tachografdodostawczaka.pl\/?page_id=41#breadcrumb","itemListElement":[{"@type":"ListItem","position":1,"name":"Strona g\u0142\u00f3wna","item":"https:\/\/tachografdodostawczaka.pl\/"},{"@type":"ListItem","position":2,"name":"Tachograf do dostawczaka; gdzie kupi\u0107"}]},{"@type":"WebSite","@id":"https:\/\/tachografdodostawczaka.pl\/#website","url":"https:\/\/tachografdodostawczaka.pl\/","name":"US\u0141UGA TACHOGRAF DO DOSTAWCZAKA","description":"","potentialAction":[{"@type":"SearchAction","target":{"@type":"EntryPoint","urlTemplate":"https:\/\/tachografdodostawczaka.pl\/?s={search_term_string}"},"query-input":{"@type":"PropertyValueSpecification","valueRequired":true,"valueName":"search_term_string"}}],"inLanguage":"pl-PL"}]}},"_links":{"self":[{"href":"https:\/\/tachografdodostawczaka.pl\/index.php?rest_route=\/wp\/v2\/pages\/41","targetHints":{"allow":["GET"]}}],"collection":[{"href":"https:\/\/tachografdodostawczaka.pl\/index.php?rest_route=\/wp\/v2\/pages"}],"about":[{"href":"https:\/\/tachografdodostawczaka.pl\/index.php?rest_route=\/wp\/v2\/types\/page"}],"author":[{"embeddable":true,"href":"https:\/\/tachografdodostawczaka.pl\/index.php?rest_route=\/wp\/v2\/users\/2"}],"replies":[{"embeddable":true,"href":"https:\/\/tachografdodostawczaka.pl\/index.php?rest_route=%2Fwp%2Fv2%2Fcomments&post=41"}],"version-history":[{"count":43,"href":"https:\/\/tachografdodostawczaka.pl\/index.php?rest_route=\/wp\/v2\/pages\/41\/revisions"}],"predecessor-version":[{"id":643,"href":"https:\/\/tachografdodostawczaka.pl\/index.php?rest_route=\/wp\/v2\/pages\/41\/revisions\/643"}],"wp:attachment":[{"href":"https:\/\/tachografdodostawczaka.pl\/index.php?rest_route=%2Fwp%2Fv2%2Fmedia&parent=41"}],"curies":[{"name":"wp","href":"https:\/\/api.w.org\/{rel}","templated":true}]}}