{"id":16,"date":"2026-01-19T14:04:15","date_gmt":"2026-01-19T14:04:15","guid":{"rendered":"https:\/\/tachografdodostawczaka.pl\/?page_id=16"},"modified":"2026-03-05T12:43:20","modified_gmt":"2026-03-05T12:43:20","slug":"front_page","status":"publish","type":"page","link":"https:\/\/tachografdodostawczaka.pl\/","title":{"rendered":"Strona g\u0142\u00f3wna"},"content":{"rendered":"\n\n\n\n\n\n\n\n\n\n\n\n\n\n\n\n\n\n\n\n\n\n\n\n\n\n\n\n\n\n","protected":false},"excerpt":{"rendered":"","protected":false},"author":2,"featured_media":0,"parent":0,"menu_order":0,"comment_status":"closed","ping_status":"closed","template":"","meta":{"saved_in_kubio":true,"_eb_attr":"","footnotes":""},"class_list":["post-16","page","type-page","status-publish","hentry"],"kubio_ai_page_context":{"short_desc":"","purpose":"general","isFrontPage":true},"yoast_head":"<!-- This site is optimized with the Yoast SEO plugin v27.1.1 - https:\/\/yoast.com\/product\/yoast-seo-wordpress\/ -->\n<title>Tachograf do dostawczaka - kompendium wiedzy o tacho do 3,5t<\/title>\n<meta name=\"description\" content=\"Masz auta dostawcze? Tachograf do dostawczaka mo\u017ce dotyczy\u0107 Ciebie! Zobacz poradnik ekspert\u00f3w Cartrack: przepisy, mandaty, praktyczne wskaz\u00f3wki\" \/>\n<meta name=\"robots\" content=\"index, follow, max-snippet:-1, max-image-preview:large, max-video-preview:-1\" \/>\n<link rel=\"canonical\" href=\"https:\/\/tachografdodostawczaka.pl\/\" \/>\n<meta property=\"og:locale\" content=\"pl_PL\" \/>\n<meta property=\"og:type\" content=\"article\" \/>\n<meta property=\"og:title\" content=\"Tachograf do dostawczaka - kompendium wiedzy o tacho do 3,5t\" \/>\n<meta property=\"og:description\" content=\"Masz auta dostawcze? Tachograf do dostawczaka mo\u017ce dotyczy\u0107 Ciebie! Zobacz poradnik ekspert\u00f3w Cartrack: przepisy, mandaty, praktyczne wskaz\u00f3wki\" \/>\n<meta property=\"og:url\" content=\"https:\/\/tachografdodostawczaka.pl\/\" \/>\n<meta property=\"og:site_name\" content=\"US\u0141UGA TACHOGRAF DO DOSTAWCZAKA\" \/>\n<meta property=\"article:modified_time\" content=\"2026-03-05T12:43:20+00:00\" \/>\n<meta name=\"twitter:card\" content=\"summary_large_image\" \/>\n<script type=\"application\/ld+json\" class=\"yoast-schema-graph\">{\"@context\":\"https:\/\/schema.org\",\"@graph\":[{\"@type\":\"WebPage\",\"@id\":\"https:\/\/tachografdodostawczaka.pl\/\",\"url\":\"https:\/\/tachografdodostawczaka.pl\/\",\"name\":\"Tachograf do dostawczaka - kompendium wiedzy o tacho do 3,5t\",\"isPartOf\":{\"@id\":\"https:\/\/tachografdodostawczaka.pl\/#website\"},\"datePublished\":\"2026-01-19T14:04:15+00:00\",\"dateModified\":\"2026-03-05T12:43:20+00:00\",\"description\":\"Masz auta dostawcze? Tachograf do dostawczaka mo\u017ce dotyczy\u0107 Ciebie! Zobacz poradnik ekspert\u00f3w Cartrack: przepisy, mandaty, praktyczne wskaz\u00f3wki\",\"breadcrumb\":{\"@id\":\"https:\/\/tachografdodostawczaka.pl\/#breadcrumb\"},\"inLanguage\":\"pl-PL\",\"potentialAction\":[{\"@type\":\"ReadAction\",\"target\":[\"https:\/\/tachografdodostawczaka.pl\/\"]}]},{\"@type\":\"BreadcrumbList\",\"@id\":\"https:\/\/tachografdodostawczaka.pl\/#breadcrumb\",\"itemListElement\":[{\"@type\":\"ListItem\",\"position\":1,\"name\":\"Strona g\u0142\u00f3wna\",\"item\":\"https:\/\/tachografdodostawczaka.pl\/\"},{\"@type\":\"ListItem\",\"position\":2,\"name\":\"Strona g\u0142\u00f3wna\"}]},{\"@type\":\"WebSite\",\"@id\":\"https:\/\/tachografdodostawczaka.pl\/#website\",\"url\":\"https:\/\/tachografdodostawczaka.pl\/\",\"name\":\"US\u0141UGA TACHOGRAF DO DOSTAWCZAKA\",\"description\":\"\",\"potentialAction\":[{\"@type\":\"SearchAction\",\"target\":{\"@type\":\"EntryPoint\",\"urlTemplate\":\"https:\/\/tachografdodostawczaka.pl\/?s={search_term_string}\"},\"query-input\":{\"@type\":\"PropertyValueSpecification\",\"valueRequired\":true,\"valueName\":\"search_term_string\"}}],\"inLanguage\":\"pl-PL\"}]}<\/script>\n<!-- \/ Yoast SEO plugin. -->","yoast_head_json":{"title":"Tachograf do dostawczaka - kompendium wiedzy o tacho do 3,5t","description":"Masz auta dostawcze? Tachograf do dostawczaka mo\u017ce dotyczy\u0107 Ciebie! Zobacz poradnik ekspert\u00f3w Cartrack: przepisy, mandaty, praktyczne wskaz\u00f3wki","robots":{"index":"index","follow":"follow","max-snippet":"max-snippet:-1","max-image-preview":"max-image-preview:large","max-video-preview":"max-video-preview:-1"},"canonical":"https:\/\/tachografdodostawczaka.pl\/","og_locale":"pl_PL","og_type":"article","og_title":"Tachograf do dostawczaka - kompendium wiedzy o tacho do 3,5t","og_description":"Masz auta dostawcze? Tachograf do dostawczaka mo\u017ce dotyczy\u0107 Ciebie! Zobacz poradnik ekspert\u00f3w Cartrack: przepisy, mandaty, praktyczne wskaz\u00f3wki","og_url":"https:\/\/tachografdodostawczaka.pl\/","og_site_name":"US\u0141UGA TACHOGRAF DO DOSTAWCZAKA","article_modified_time":"2026-03-05T12:43:20+00:00","twitter_card":"summary_large_image","schema":{"@context":"https:\/\/schema.org","@graph":[{"@type":"WebPage","@id":"https:\/\/tachografdodostawczaka.pl\/","url":"https:\/\/tachografdodostawczaka.pl\/","name":"Tachograf do dostawczaka - kompendium wiedzy o tacho do 3,5t","isPartOf":{"@id":"https:\/\/tachografdodostawczaka.pl\/#website"},"datePublished":"2026-01-19T14:04:15+00:00","dateModified":"2026-03-05T12:43:20+00:00","description":"Masz auta dostawcze? Tachograf do dostawczaka mo\u017ce dotyczy\u0107 Ciebie! Zobacz poradnik ekspert\u00f3w Cartrack: przepisy, mandaty, praktyczne wskaz\u00f3wki","breadcrumb":{"@id":"https:\/\/tachografdodostawczaka.pl\/#breadcrumb"},"inLanguage":"pl-PL","potentialAction":[{"@type":"ReadAction","target":["https:\/\/tachografdodostawczaka.pl\/"]}]},{"@type":"BreadcrumbList","@id":"https:\/\/tachografdodostawczaka.pl\/#breadcrumb","itemListElement":[{"@type":"ListItem","position":1,"name":"Strona g\u0142\u00f3wna","item":"https:\/\/tachografdodostawczaka.pl\/"},{"@type":"ListItem","position":2,"name":"Strona g\u0142\u00f3wna"}]},{"@type":"WebSite","@id":"https:\/\/tachografdodostawczaka.pl\/#website","url":"https:\/\/tachografdodostawczaka.pl\/","name":"US\u0141UGA TACHOGRAF DO DOSTAWCZAKA","description":"","potentialAction":[{"@type":"SearchAction","target":{"@type":"EntryPoint","urlTemplate":"https:\/\/tachografdodostawczaka.pl\/?s={search_term_string}"},"query-input":{"@type":"PropertyValueSpecification","valueRequired":true,"valueName":"search_term_string"}}],"inLanguage":"pl-PL"}]}},"_links":{"self":[{"href":"https:\/\/tachografdodostawczaka.pl\/index.php?rest_route=\/wp\/v2\/pages\/16","targetHints":{"allow":["GET"]}}],"collection":[{"href":"https:\/\/tachografdodostawczaka.pl\/index.php?rest_route=\/wp\/v2\/pages"}],"about":[{"href":"https:\/\/tachografdodostawczaka.pl\/index.php?rest_route=\/wp\/v2\/types\/page"}],"author":[{"embeddable":true,"href":"https:\/\/tachografdodostawczaka.pl\/index.php?rest_route=\/wp\/v2\/users\/2"}],"replies":[{"embeddable":true,"href":"https:\/\/tachografdodostawczaka.pl\/index.php?rest_route=%2Fwp%2Fv2%2Fcomments&post=16"}],"version-history":[{"count":133,"href":"https:\/\/tachografdodostawczaka.pl\/index.php?rest_route=\/wp\/v2\/pages\/16\/revisions"}],"predecessor-version":[{"id":628,"href":"https:\/\/tachografdodostawczaka.pl\/index.php?rest_route=\/wp\/v2\/pages\/16\/revisions\/628"}],"wp:attachment":[{"href":"https:\/\/tachografdodostawczaka.pl\/index.php?rest_route=%2Fwp%2Fv2%2Fmedia&parent=16"}],"curies":[{"name":"wp","href":"https:\/\/api.w.org\/{rel}","templated":true}]}}